{"id":20,"date":"2019-01-22T09:14:17","date_gmt":"2019-01-22T09:14:17","guid":{"rendered":"http:\/\/islenskalogfraedistofan.test\/?page_id=20"},"modified":"2023-09-27T11:49:47","modified_gmt":"2023-09-27T11:49:47","slug":"fyrirtaekjasvid","status":"publish","type":"page","link":"https:\/\/firma.is\/?page_id=20","title":{"rendered":"Fyrirt\u00e6kjasvi\u00f0"},"content":{"rendered":"    <div class=\"title\">\n        <h1>Fyrirt\u00e6kjasvi\u00f0<\/h1>\n    <\/div>\n\n\n\n<p>Verkefni stofunnar \u00e1 fyrirt\u00e6kjasvi\u00f0i eru m.a. f\u00f3lgin \u00ed r\u00e1\u00f0gj\u00f6f vegna kaupa og s\u00f6lu fyrirt\u00e6kja, samningsger\u00f0ar, ger\u00f0 \u00e1rei\u00f0anleikakannana, \u00e1h\u00e6ttugreininar og hagsmunag\u00e6slu \u00e1 svi\u00f0i samkeppnism\u00e1la og skattam\u00e1la. Einnig bj\u00f3\u00f0a FIRMA l\u00f6gmenn vi\u00f0skiptavinum s\u00ednum l\u00f6gfr\u00e6\u00f0ilega innheimtu vanskilakrafna.<\/p>\n\n\n\n<p>Vi\u00f0skiptavinir FIRMA l\u00f6gmanna geta treyst \u00fev\u00ed a\u00f0 f\u00e1 hei\u00f0arlegt st\u00f6\u00f0umat fr\u00e1 l\u00f6gm\u00f6nnum stofunnar fr\u00e1 upphafi og a\u00f0 fyllsta tr\u00fana\u00f0ar s\u00e9 g\u00e6tt \u00ed \u00f6llum samskiptum.<\/p>\n\n\n\n<p>Smelltu \u00e1 r\u00e9ttarsvi\u00f0in h\u00e9r a\u00f0 ne\u00f0an til a\u00f0 f\u00e1 n\u00e1nari uppl\u00fdsingar. <\/p>\n\n\n  <ul class=\"list-decor\">\n                <li>\n          <a href=\"#block-1\">\u00c1rei\u00f0anleikakannanir<\/a>\n      <\/li>\n                <li>\n          <a href=\"#block-2\">Stj\u00f3rns\u00fdsla<\/a>\n      <\/li>\n                <li>\n          <a href=\"#block-3\">V\u00e1tryggingar\u00e9ttur<\/a>\n      <\/li>\n                <li>\n          <a href=\"#block-4\">Skattar\u00e9ttur<\/a>\n      <\/li>\n                <li>\n          <a href=\"#block-5\">Vinnur\u00e9ttur<\/a>\n      <\/li>\n                <li>\n          <a href=\"#block-6\">Fj\u00f6lmi\u00f0lar\u00e9ttur<\/a>\n      <\/li>\n                <li>\n          <a href=\"#block-7\">Verktaka- og \u00fatbo\u00f0sr\u00e9ttur<\/a>\n      <\/li>\n                <li>\n          <a href=\"#block-8\">Innheimta vanskilakrafna<\/a>\n      <\/li>\n                <li>\n          <a href=\"#block-9\">Banka- og fj\u00e1rm\u00e1lar\u00e9ttur<\/a>\n      <\/li>\n                <li>\n          <a href=\"#block-10\">F\u00e9lagar\u00e9ttur<\/a>\n      <\/li>\n                <li>\n          <a href=\"#block-11\">Hugverka- og au\u00f0kennar\u00e9ttur<\/a>\n      <\/li>\n                <li>\n          <a href=\"#block-12\">Samkeppnisr\u00e9ttur<\/a>\n      <\/li>\n                <li>\n          <a href=\"#block-13\">Evr\u00f3pur\u00e9ttur<\/a>\n      <\/li>\n      <\/ul>\n          <div id=\"block-1\" class=\"block-anchor\">\n      <h4>\u00c1rei\u00f0anleikakannanir<\/h4>\n      <p>L\u00f6gmenn stofunnar hafa mikla reynslu af ger\u00f0 \u00e1rei\u00f0anleikakannanna vegna kaupa og s\u00f6lu fyrirt\u00e6kja. Reynsla l\u00f6gmanna stofunnar n\u00e6r a\u00f0allega til l\u00f6gfr\u00e6\u00f0ilegs hluta sl\u00edkra kannanna \u00e1 me\u00f0an fj\u00e1rm\u00e1lahli\u00f0in hefur veri\u00f0 \u00ed h\u00f6ndum endursko\u00f0enda. Vi\u00f0 ger\u00f0 \u00e1rei\u00f0anleikakannanna vinna l\u00f6gmenn stofunnar n\u00e1i\u00f0 me\u00f0 endursko\u00f0endum til a\u00f0 tryggja \u00edtarlega og vanda\u00f0a sko\u00f0un s\u00f6luandlagsins.<\/p>\n    <\/div>\n          <div id=\"block-2\" class=\"block-anchor\">\n      <h4>Stj\u00f3rns\u00fdsla<\/h4>\n      <p>FIRMA l\u00f6gmenn taka a\u00f0 s\u00e9r ger\u00f0 stj\u00f3rns\u00fdsluk\u00e6ra fyrir fyrirt\u00e6ki og annast alla hagsmunag\u00e6slu vegna me\u00f0fer\u00f0ar m\u00e1la hj\u00e1 stj\u00f3rnv\u00f6ldum. \u00de\u00e1 veita l\u00f6gmenn stofunnar r\u00e1\u00f0gj\u00f6f til fyrirt\u00e6kja og opinberra a\u00f0ila \u00e1 \u00f6llum svi\u00f0um stj\u00f3rns\u00fdslunnar og annast rekstur \u00e1greiningsm\u00e1la fyrir stj\u00f3rns\u00fdslunefndum, d\u00f3mst\u00f3lum e\u00f0a hj\u00e1 umbo\u00f0smanni Al\u00feingis.<\/p>\n    <\/div>\n          <div id=\"block-3\" class=\"block-anchor\">\n      <h4>V\u00e1tryggingar\u00e9ttur<\/h4>\n      <p>L\u00f6gmenn stofunnar hafa mikla reynslu af hagsmunag\u00e6slu fyrir fyrirt\u00e6ki og opinbera a\u00f0ila vegna \u00e1greinings \u00ed v\u00e1tryggingam\u00e1lum, b\u00e6\u00f0i gagnvart tryggingarf\u00e9l\u00f6gum og fyrir \u00faskur\u00f0arnefndum \u00e1 svi\u00f0i v\u00e1tryggingam\u00e1la.<\/p>\n    <\/div>\n          <div id=\"block-4\" class=\"block-anchor\">\n      <h4>Skattar\u00e9ttur<\/h4>\n      <p>FIRMA l\u00f6gmenn veita fyrirt\u00e6kjum a\u00f0sto\u00f0 vegna me\u00f0fer\u00f0ar skattam\u00e1la hj\u00e1 \u00edslenskum skatt- og tollyfirv\u00f6ldum, hvort sem um er a\u00f0 r\u00e6\u00f0a ranns\u00f3kn m\u00e1la, me\u00f0fer\u00f0 sektarm\u00e1la e\u00f0a me\u00f0fer\u00f0 refsim\u00e1la fyrir d\u00f3mst\u00f3lum. \u00de\u00e1 veita l\u00f6gmenn stofunnar l\u00f6gfr\u00e6\u00f0ilegar \u00e1litsger\u00f0ir \u00e1 svi\u00f0i skattam\u00e1la.<\/p>\n    <\/div>\n          <div id=\"block-5\" class=\"block-anchor\">\n      <h4>Vinnur\u00e9ttur<\/h4>\n      <p>L\u00f6gmenn stofunnar hafa trausta \u00feekkingu og reynslu af hagsmunag\u00e6slu og r\u00e1\u00f0gj\u00f6f \u00e1 svi\u00f0i vinnur\u00e9ttar fyrir atvinnurekendur hvort sem um er a\u00f0 r\u00e6\u00f0a einka- e\u00f0a opinbera a\u00f0ila. Hagsmunag\u00e6slan felst m.a. \u00ed r\u00e1\u00f0gj\u00f6f vi\u00f0 ger\u00f0 r\u00e1\u00f0ninga- og kjarasamninga, \u00farr\u00e6\u00f0i sem unnt er a\u00f0 gr\u00edpa til vegna brota starfsmanna og uppl\u00fdsingagj\u00f6f var\u00f0andi \u00f6nnur r\u00e9ttindi og skyldur starfsmanna og atvinnurekenda \u00e1 vinnumarka\u00f0i.<\/p>\n    <\/div>\n          <div id=\"block-6\" class=\"block-anchor\">\n      <h4>Fj\u00f6lmi\u00f0lar\u00e9ttur<\/h4>\n      <p>L\u00f6gmenn stofunnar b\u00faa yfir v\u00ed\u00f0t\u00e6kri reynslu af hagsmunag\u00e6slu \u00e1 svi\u00f0i fj\u00f6lmi\u00f0lar\u00e9ttar og hafa m.a. flutt fj\u00f6lm\u00f6rg mei\u00f0yr\u00f0am\u00e1l fyrir d\u00f3mst\u00f3lum. \u00de\u00e1 hafa l\u00f6gmenn stofunnar einnig sinnt r\u00e1\u00f0gj\u00f6f \u00e1 svi\u00f0i fjarskiptar\u00e9ttar fyrir einstaklinga og fyrirt\u00e6ki \u00e1 fjarskiptamarka\u00f0i.<\/p>\n    <\/div>\n          <div id=\"block-7\" class=\"block-anchor\">\n      <h4>Verktaka- og \u00fatbo\u00f0sr\u00e9ttur<\/h4>\n      <p>L\u00f6gmenn stofunnar hafa mikla reynslu \u00e1 svi\u00f0i verktaka- og \u00fatbo\u00f0sr\u00e9ttar og hafa sinnt hagsmunag\u00e6slu b\u00e6\u00f0i fyrir verktaka og verkkaupa. Sem d\u00e6mi m\u00e1 nefna r\u00e1\u00f0gj\u00f6f vi\u00f0 ger\u00f0 og t\u00falkun verksamninga, vi\u00f0 val \u00e1 \u00fatbo\u00f0sa\u00f0fer\u00f0um, ger\u00f0 \u00fatbo\u00f0sskilm\u00e1la, verkuppgj\u00f6ra auk r\u00e1\u00f0gjafar vegna \u00e1greiningsm\u00e1la sem upp kunna a\u00f0 koma. \u00de\u00e1 hafa l\u00f6gmenn stofunnar a\u00f0sto\u00f0a\u00f0 vi\u00f0 ger\u00f0 k\u00e6ra til k\u00e6runefndar \u00fatbo\u00f0sm\u00e1la og hafa sinnt hagsmunag\u00e6slu fyrir ger\u00f0ard\u00f3mum og d\u00f3mst\u00f3lum.<\/p>\n    <\/div>\n          <div id=\"block-8\" class=\"block-anchor\">\n      <h4>Innheimta vanskilakrafna<\/h4>\n      <p>Stofan tekur a\u00f0 s\u00e9r l\u00f6gfr\u00e6\u00f0ilega innheimtu vanskilakrafna fyrir einstaklinga, fyrirt\u00e6ki, h\u00fasf\u00e9l\u00f6g, sveitarf\u00e9l\u00f6g og hi\u00f0 opinbera. Vi\u00f0skiptavinir fyrirt\u00e6kisins hafa a\u00f0gang a\u00f0 brei\u00f0um h\u00f3pi l\u00f6gmanna sem veita vanda\u00f0a r\u00e1\u00f0gj\u00f6f \u00feannig a\u00f0 tryggt s\u00e9 a\u00f0 vi\u00f0skiptavinurinn nj\u00f3ti bestu \u00fej\u00f3nustu sem v\u00f6l er \u00e1. \u00c1hersla er l\u00f6g\u00f0 \u00e1 \u00e1rangursr\u00edka innheimtu me\u00f0 l\u00e1gmarkskostna\u00f0i \u00feannig a\u00f0 kr\u00f6fuhafi grei\u00f0ir eing\u00f6ngu \u00fatlag\u00f0an kostna\u00f0 l\u00f6gmannsstofunnar ef krafa innheimtist ekki.<\/p>\n    <\/div>\n          <div id=\"block-9\" class=\"block-anchor\">\n      <h4>Banka- og fj\u00e1rm\u00e1lar\u00e9ttur<\/h4>\n      <p>L\u00f6gmenn stofunnar veita vi\u00f0skiptavinum s\u00ednum s\u00e9rh\u00e6f\u00f0a r\u00e1\u00f0gj\u00f6f \u00e1 svi\u00f0i banka- og fj\u00e1rm\u00e1lar\u00e9ttar. Me\u00f0al verkefna \u00e1 banka- og fj\u00e1rm\u00e1lar\u00e9ttarsvi\u00f0i m\u00e1 nefna l\u00f6gfr\u00e6\u00f0ilega r\u00e1\u00f0gj\u00f6f var\u00f0andi l\u00e1nssamninga, aflei\u00f0usamninga, tryggingarskj\u00f6l og \u00fatg\u00e1fu ver\u00f0br\u00e9fa. \u00de\u00e1 hafa l\u00f6gmenn stofunnar v\u00ed\u00f0t\u00e6ka \u00feekkingu \u00e1 ver\u00f0br\u00e9famarka\u00f0sr\u00e9tti og hafa veitt \u00fej\u00f3nustu \u00ed fj\u00f6lm\u00f6rgum m\u00e1lum var\u00f0andi l\u00f6ggj\u00f6f um ver\u00f0br\u00e9favi\u00f0skipti og fj\u00e1rfestinga- og ver\u00f0br\u00e9fasj\u00f3\u00f0i.<\/p>\n    <\/div>\n          <div id=\"block-10\" class=\"block-anchor\">\n      <h4>F\u00e9lagar\u00e9ttur<\/h4>\n      <p>L\u00f6gmannsstofan kappkostar vi\u00f0 a\u00f0 veita vi\u00f0skiptavinum s\u00ednum l\u00f6gfr\u00e6\u00f0ilega r\u00e1\u00f0gj\u00f6f var\u00f0andi f\u00e9lagar\u00e9ttarleg m\u00e1lefni og hafa l\u00f6gmenn stofunnar v\u00ed\u00f0t\u00e6ka reynslu af sl\u00edkri \u00fej\u00f3nustu. Me\u00f0al \u00feeirra verkefna sem l\u00f6gmenn stofunnar sinna er stofnun f\u00e9laga, ger\u00f0 stofnsamninga og sam\u00feykkta, r\u00e1\u00f0gj\u00f6f og \u00fej\u00f3nusta var\u00f0andi samruna, yfirt\u00f6kur, h\u00e6kkun og l\u00e6kkun hlutafj\u00e1r og ger\u00f0 hluthafasamninga. \u00de\u00e1 annast l\u00f6gmenn stofunnar einnig skipulagningu og framkv\u00e6md hluthafafunda, \u00e1samt \u00fev\u00ed a\u00f0 koma fram fyrir h\u00f6nd vi\u00f0skiptavina gagnvart stj\u00f3rnv\u00f6ldum og g\u00e6ta hagsmuna \u00feeirra fyrir d\u00f3mst\u00f3lum.<\/p>\n    <\/div>\n          <div id=\"block-11\" class=\"block-anchor\">\n      <h4>Hugverka- og au\u00f0kennar\u00e9ttur<\/h4>\n      <p>L\u00f6gmenn stofunnar b\u00faa yfir traustri \u00feekkingu \u00e1 hugverka- og au\u00f0kennar\u00e9tti. Hagsmunag\u00e6sla vi\u00f0skiptavina stofunnar felst a\u00f0allega \u00ed a\u00f0 tryggja a\u00f0 r\u00e9ttilega s\u00e9 sta\u00f0i\u00f0 a\u00f0 \u00fev\u00ed a\u00f0 vernda au\u00f0kenni v\u00f6ru og \u00fej\u00f3nustu \u00ed atvinnustarfsemi einstaklinga e\u00f0a f\u00e9laga. \u00cd atvinnurekstri er mikilv\u00e6gt a\u00f0 hafa \u00ed huga a\u00f0 r\u00e9ttur samkv\u00e6mt v\u00f6rumerkjal\u00f6gum gefur eiganda v\u00f6rumerkis einkar\u00e9tt \u00e1 a\u00f0 nota merki\u00f0 h\u00e9r \u00e1 landi og \u00feannig komi\u00f0 \u00ed veg fyrir a\u00f0 a\u00f0rir noti \u00ed atvinnustarfsemi merki sem eru eins e\u00f0a l\u00edk v\u00f6rumerki vi\u00f0komandi a\u00f0ila. L\u00f6gmenn stofunnar annast skr\u00e1ningu v\u00f6rumerkja hj\u00e1 Einkaleyfastofu, en me\u00f0 skr\u00e1ningu og notkun skapast \u00e1kve\u00f0in v\u00f6rumerkjavernd sem kemur \u00ed veg fyrir notkun annarra a\u00f0ila \u00e1 eins e\u00f0a l\u00edku v\u00f6rumerki.<\/p>\n    <\/div>\n          <div id=\"block-12\" class=\"block-anchor\">\n      <h4>Samkeppnisr\u00e9ttur<\/h4>\n      <p>Stofan b\u00fdr yfir g\u00f3\u00f0ri \u00feekkingu \u00e1 samkeppnisr\u00e9tti og veitir fyrirt\u00e6kjum alhli\u00f0a r\u00e1\u00f0gj\u00f6f var\u00f0andi samkeppnisr\u00e9ttarleg m\u00e1lefni \u00feeirra. Me\u00f0al verkefna \u00e1 samkeppnisr\u00e9ttarsvi\u00f0i m\u00e1 nefna hagsmunag\u00e6slu vegna m\u00e1la sem eru til me\u00f0fer\u00f0ar hj\u00e1 Samkeppniseftirlitinu og \u00e1fr\u00fdjunarnefnd samkeppnism\u00e1la t.a.m. vegna meintrar misnotkunar \u00e1 marka\u00f0sr\u00e1\u00f0andi st\u00f6\u00f0u og meints samr\u00e1\u00f0s fyrirt\u00e6kja. \u00de\u00e1 annast l\u00f6gmenn stofunnar alla nau\u00f0synlega hagsmunag\u00e6slu var\u00f0andi samruna fyrirt\u00e6kja og sj\u00e1 um tilkynningar og m\u00e1larekstur gagnvart samkeppnisyfirv\u00f6ldum ef svo ber undir.<\/p>\n    <\/div>\n          <div id=\"block-13\" class=\"block-anchor\">\n      <h4>Evr\u00f3pur\u00e9ttur<\/h4>\n      <p>L\u00f6gmenn stofunnar b\u00faa yfir g\u00f3\u00f0ri \u00feekkingu og reynslu \u00e1 svi\u00f0i Evr\u00f3pu- og EES-r\u00e9ttar. \u00dej\u00f3nusta stofunnar felst einkum \u00ed l\u00f6gfr\u00e6\u00f0ilegri r\u00e1\u00f0gj\u00f6f var\u00f0andi r\u00e9ttarreglur EES-samningsins og hver s\u00e9 r\u00e9ttarsta\u00f0a einstaklinga og l\u00f6ga\u00f0ila sem hafa b\u00fasetu e\u00f0a starfsst\u00f6\u00f0 \u00ed r\u00edkjum \u00e1 evr\u00f3pska efnahagssv\u00e6\u00f0inu. Einkum reynir \u00e1 reglur \u00e1 \u00feessu svi\u00f0i \u00ed m\u00e1lum sem var\u00f0a samkeppnism\u00e1l og samrunareglur, opinber \u00fatbo\u00f0 og millir\u00edkjavi\u00f0skipti. \u00cd lj\u00f3si \u00feeirrar sta\u00f0reyndar a\u00f0 st\u00f3r hluti \u00edslenskar l\u00f6ggjafar er reistur \u00e1 Evr\u00f3pul\u00f6ggj\u00f6f er mikilv\u00e6gt a\u00f0 vi\u00f0skiptavinir stofunnar, sem stunda vi\u00f0skipti \u00e1 evr\u00f3pska efnahagssv\u00e6\u00f0inu, s\u00e9 veitt r\u00e1\u00f0gj\u00f6f \u00e1 grundvelli t\u00falkunar \u00e1 regluverki Evr\u00f3pusambandsins.<\/p>\n    <\/div>\n   ","protected":false},"excerpt":{"rendered":"<p>Verkefni stofunnar \u00e1 fyrirt\u00e6kjasvi\u00f0i eru m.a. f\u00f3lgin \u00ed r\u00e1\u00f0gj\u00f6f vegna kaupa og s\u00f6lu fyrirt\u00e6kja, samningsger\u00f0ar, ger\u00f0 \u00e1rei\u00f0anleikakannana, \u00e1h\u00e6ttugreininar og hagsmunag\u00e6slu \u00e1 svi\u00f0i samkeppnism\u00e1la og skattam\u00e1la. Einnig bj\u00f3\u00f0a FIRMA l\u00f6gmenn vi\u00f0skiptavinum s\u00ednum l\u00f6gfr\u00e6\u00f0ilega innheimtu vanskilakrafna. Vi\u00f0skiptavinir FIRMA l\u00f6gmanna geta treyst \u00fev\u00ed a\u00f0 f\u00e1 hei\u00f0arlegt st\u00f6\u00f0umat fr\u00e1 l\u00f6gm\u00f6nnum stofunnar fr\u00e1 upphafi og a\u00f0 fyllsta tr\u00fana\u00f0ar s\u00e9 g\u00e6tt [&hellip;]<\/p>\n","protected":false},"author":1,"featured_media":599,"parent":12,"menu_order":0,"comment_status":"closed","ping_status":"closed","template":"","meta":{"inline_featured_image":false,"footnotes":""},"_links":{"self":[{"href":"https:\/\/firma.is\/index.php?rest_route=\/wp\/v2\/pages\/20"}],"collection":[{"href":"https:\/\/firma.is\/index.php?rest_route=\/wp\/v2\/pages"}],"about":[{"href":"https:\/\/firma.is\/index.php?rest_route=\/wp\/v2\/types\/page"}],"author":[{"embeddable":true,"href":"https:\/\/firma.is\/index.php?rest_route=\/wp\/v2\/users\/1"}],"replies":[{"embeddable":true,"href":"https:\/\/firma.is\/index.php?rest_route=%2Fwp%2Fv2%2Fcomments&post=20"}],"version-history":[{"count":24,"href":"https:\/\/firma.is\/index.php?rest_route=\/wp\/v2\/pages\/20\/revisions"}],"predecessor-version":[{"id":817,"href":"https:\/\/firma.is\/index.php?rest_route=\/wp\/v2\/pages\/20\/revisions\/817"}],"up":[{"embeddable":true,"href":"https:\/\/firma.is\/index.php?rest_route=\/wp\/v2\/pages\/12"}],"wp:featuredmedia":[{"embeddable":true,"href":"https:\/\/firma.is\/index.php?rest_route=\/wp\/v2\/media\/599"}],"wp:attachment":[{"href":"https:\/\/firma.is\/index.php?rest_route=%2Fwp%2Fv2%2Fmedia&parent=20"}],"curies":[{"name":"wp","href":"https:\/\/api.w.org\/{rel}","templated":true}]}}